{"id":913,"date":"2020-11-26T10:51:12","date_gmt":"2020-11-26T09:51:12","guid":{"rendered":"http:\/\/test.micherda-jarodzka.art\/?page_id=913"},"modified":"2021-01-19T10:29:24","modified_gmt":"2021-01-19T09:29:24","slug":"o-mnie","status":"publish","type":"page","link":"https:\/\/micherda-jarodzka.art\/pl\/o-mnie\/","title":{"rendered":"o mnie"},"content":{"rendered":"\n<h4 class=\"wp-block-heading\">Renata Micherda-Jarodzka<\/h4>\n\n\n\n<p class=\"has-normal-font-size\">W 1987 r. obroni\u0142am dyplom na\u00a0wydziale Malarstwa na\u00a0Akademii Sztuk Pi\u0119knych im.\u00a0Eugeniusza Gepperta we\u00a0Wroc\u0142awiu, w\u00a0pracowni prof.\u00a0Stanis\u0142awa Kortyki. W\u00a0latach 1988-93 mieszka\u0142am i\u00a0tworzy\u0142am w\u00a0Toronto w\u00a0Kanadzie. Zajmuj\u0119 si\u0119 malarstwem, sztuk\u0105 interdyscyplinarn\u0105 (rze\u017aby, instalacje) oraz\u00a0projektowaniem wn\u0119trz. W\u00a0mojej tw\u00f3rczo\u015bci zajmuje mnie g\u0142\u00f3wnie malarstwo abstrakcyjne, w\u00a0kt\u00f3rym zawieram wiele emocji, podtekst\u00f3w i\u00a0znacze\u0144. Kontestuj\u0119 powszechnie przyj\u0119te zasady estetyki, wykorzystuj\u0119 elementy z\u0142omu, drutu, betonu, r\u00f3\u017cnego rodzaju odpady, kt\u00f3rym nadaj\u0119 nowego, emocjonalnego znaczenia.<\/p>\n\n\n\n<h5 class=\"wp-block-heading\">Wa\u017cniejsze wystawy:\u00a0\u00a0<\/h5>\n\n\n\n<p>The Gate, Pracownia 66P, Wroc\u0142aw (2020)<\/p>\n\n\n\n<p>Pomi\u0119dzy Odosobnieniem a Afirmacj\u0105 Wsp\u00f3lnoty, Podwodny Wroc\u0142aw (2020)<\/p>\n\n\n\n<p>Wczesne Pomidory, Pracownia 66P, Wroc\u0142aw (2020)<\/p>\n\n\n\n<p><\/p>\n\n\n\n<p>Pomi\u0119dzy Relacj\u0105 a Nie\/Obecno\u015bci\u0105, Podwodny Wroc\u0142aw (2019)<\/p>\n\n\n\n<p>Cytat Dialog Relacja Interakcja, Podwodny Wroc\u0142aw (2018)<\/p>\n\n\n\n<p>Wystawa Indywidualna, Muzeum Sztuki Shangyuan, Chiny (2015)<\/p>\n\n\n\n<p>Sztuka Miasta, Muzeum Ziemi K\u0142odzkiej (2013)<\/p>\n\n\n\n<p><em>W pionie, w poziomie, w przestrzeni<\/em>, Wroc\u0142aw (2012)<\/p>\n\n\n\n<p>Wystawa Indywidualna, Wa\u0142brzych (2011)<\/p>\n\n\n\n<p>Galeria Miejska, Wroc\u0142aw (1992)<\/p>\n\n\n\n<p>Wystawa Indywidualna, Toronto (1991)<\/p>\n\n\n\n<p>Recital Jacka Kaczmarskiego, Norymberga (1988)<\/p>\n\n\n\n<p>Mons, Belgia (1987)<\/p>\n\n\n\n<p><em>Droga i Prawda<\/em> Wroc\u0142aw (1987)&nbsp;&nbsp;<\/p>\n\n\n\n<h4 class=\"wp-block-heading\">Nagrody:&nbsp;<\/h4>\n\n\n\n<p>Nagroda Ministerialna pierwszego stopnia za wybitne osi\u0105gni\u0119cia tw\u00f3rcze<\/p>\n\n\n\n<p><em>Najpi\u0119kniejsze Wn\u0119trze Roku<\/em> \u2013 nagroda za projekt wn\u0119trza <em>Art Hotel<\/em> we Wroc\u0142awiu<\/p>\n\n\n\n<p><em>Modne Miejsce roku 2009<\/em> \u2013 nagroda za projekt wn\u0119trza <em>Art. Restauracji<\/em><\/p>\n\n\n\n<p>II Nagroda w konkursie <em>Dolno\u015bl\u0105ska Budowa Roku<\/em><\/p>\n","protected":false},"excerpt":{"rendered":"<p>Renata Micherda-Jarodzka W 1987 r. obroni\u0142am dyplom na\u00a0wydziale Malarstwa na\u00a0Akademii Sztuk Pi\u0119knych im.\u00a0Eugeniusza Gepperta we\u00a0Wroc\u0142awiu, w\u00a0pracowni prof.\u00a0Stanis\u0142awa Kortyki. W\u00a0latach 1988-93 mieszka\u0142am i\u00a0tworzy\u0142am w\u00a0Toronto w\u00a0Kanadzie. Zajmuj\u0119 si\u0119 malarstwem, sztuk\u0105 interdyscyplinarn\u0105 (rze\u017aby, instalacje) oraz\u00a0projektowaniem wn\u0119trz. W\u00a0mojej tw\u00f3rczo\u015bci zajmuje mnie g\u0142\u00f3wnie malarstwo abstrakcyjne, w\u00a0kt\u00f3rym zawieram wiele emocji, podtekst\u00f3w i\u00a0znacze\u0144. Kontestuj\u0119 powszechnie przyj\u0119te zasady estetyki, wykorzystuj\u0119 elementy z\u0142omu, drutu, [&hellip;]<\/p>\n","protected":false},"author":1,"featured_media":1642,"parent":0,"menu_order":0,"comment_status":"closed","ping_status":"closed","template":"templates\/info-page.php","meta":{"footnotes":""},"jetpack_sharing_enabled":false,"_links":{"self":[{"href":"https:\/\/micherda-jarodzka.art\/pl\/wp-json\/wp\/v2\/pages\/913"}],"collection":[{"href":"https:\/\/micherda-jarodzka.art\/pl\/wp-json\/wp\/v2\/pages"}],"about":[{"href":"https:\/\/micherda-jarodzka.art\/pl\/wp-json\/wp\/v2\/types\/page"}],"author":[{"embeddable":true,"href":"https:\/\/micherda-jarodzka.art\/pl\/wp-json\/wp\/v2\/users\/1"}],"replies":[{"embeddable":true,"href":"https:\/\/micherda-jarodzka.art\/pl\/wp-json\/wp\/v2\/comments?post=913"}],"version-history":[{"count":25,"href":"https:\/\/micherda-jarodzka.art\/pl\/wp-json\/wp\/v2\/pages\/913\/revisions"}],"predecessor-version":[{"id":1649,"href":"https:\/\/micherda-jarodzka.art\/pl\/wp-json\/wp\/v2\/pages\/913\/revisions\/1649"}],"wp:featuredmedia":[{"embeddable":true,"href":"https:\/\/micherda-jarodzka.art\/pl\/wp-json\/wp\/v2\/media\/1642"}],"wp:attachment":[{"href":"https:\/\/micherda-jarodzka.art\/pl\/wp-json\/wp\/v2\/media?parent=913"}],"curies":[{"name":"wp","href":"https:\/\/api.w.org\/{rel}","templated":true}]}}