{"id":913,"date":"2020-11-26T10:51:12","date_gmt":"2020-11-26T09:51:12","guid":{"rendered":"http:\/\/test.micherda-jarodzka.art\/?page_id=913"},"modified":"2021-01-19T10:29:24","modified_gmt":"2021-01-19T09:29:24","slug":"o-mnie","status":"publish","type":"page","link":"https:\/\/micherda-jarodzka.art\/en\/o-mnie\/","title":{"rendered":"about me"},"content":{"rendered":"<h4 class=\"wp-block-heading\">Renata Micherda-Jarodzka<\/h4>\n\n\n\n<p class=\"has-normal-font-size\">In 1987, I graduated from the Eugeniusz Geppert Academy of Fine Art and Design in Wroc\u0142aw, with a diploma in Painting, from the prof. Stanis\u0142aw Kortyka workshop. Between 1988 and 1993 I lived and created in Toronto, Canada. My work is focused on painting, interdisciplinary arts (sculpture and installations), and interior design. In my artistic work, I am mostly concerned with\nabstract painting, through which I convey a plethora of emotions, subtexts, and meanings. I challenge commonly accepted rules of aesthetics and utilize elements of scrap metal, wires, concrete, and different types of scrap to give them a new emotional meaning.<\/p>\n\n\n\n<h5 class=\"wp-block-heading\">Major exhibitions:\u00a0\u00a0<\/h5>\n\n\n\n<p>The Gate, Pracownia 66P, Wroc\u0142aw (2020)<\/p>\n\n\n\n<p>Between Isolation and the Affirmation of Community, Underwater Wroc\u0142aw (2020)<\/p>\n\n\n\n<p>Early Tomatoes, Pracownia 66P, Wroc\u0142aw (2020)<\/p>\n\n\n\n<p><\/p>\n\n\n\n<p>Between Association and Un\/Presence,  Underwater Wroc\u0142aw (2019)<\/p>\n\n\n\n<p>Quotation, Dialogue, Relation, Interaction, Underwater Wroc\u0142aw (2018)<\/p>\n\n\n\n<p>Individual  exhibition, Shangyuan Art Museum, China (2015)<\/p>\n\n\n\n<p>Art of the City, Museum of the K\u0142odzko Land (2013)<\/p>\n\n\n\n<p><em>In the vertical\nIn the horizontal\nIn the space<\/em>, Wroc\u0142aw (2012)<\/p>\n\n\n\n<p>Individual exhibition, Wa\u0142brzych (2011)<\/p>\n\n\n\n<p>City Gallery, Wroc\u0142aw (1992)<\/p>\n\n\n\n<p>Individual exhibition, Toronto (1991)<\/p>\n\n\n\n<p>Recital Jacka Kaczmarskiego, Norymberga (1988)<\/p>\n\n\n\n<p>Mons, Belgium (1987)<\/p>\n\n\n\n<p class=\" translation-block\"><em>The Way and the Truth<\/em> Wroc\u0142aw (1987)<\/p>\n\n\n\n<h4 class=\"wp-block-heading\">Awards:&nbsp;<\/h4>\n\n\n\n<p>First-degree ministerial award for outstanding creative achievements<\/p>\n\n\n\n<p><em>The Most Beautiful Interior of the Year<\/em> - award for the interior design of the <em>Art Hotel<\/em> in Wroc\u0142aw<\/p>\n\n\n\n<p><em>Fashionable Place of the Year 2009<\/em> - award for the interior design of the <em>Art Restaurant<\/em><\/p>\n\n\n\n<p>2nd Prize in the <em>Lower Silesian Construction of the Year competition<\/em><\/p>","protected":false},"excerpt":{"rendered":"<p>Renata Micherda-Jarodzka W 1987 r. obroni\u0142am dyplom na\u00a0wydziale Malarstwa na\u00a0Akademii Sztuk Pi\u0119knych im.\u00a0Eugeniusza Gepperta we\u00a0Wroc\u0142awiu, w\u00a0pracowni prof.\u00a0Stanis\u0142awa Kortyki. W\u00a0latach 1988-93 mieszka\u0142am i\u00a0tworzy\u0142am w\u00a0Toronto w\u00a0Kanadzie. Zajmuj\u0119 si\u0119 malarstwem, sztuk\u0105 interdyscyplinarn\u0105 (rze\u017aby, instalacje) oraz\u00a0projektowaniem wn\u0119trz. W\u00a0mojej tw\u00f3rczo\u015bci zajmuje mnie g\u0142\u00f3wnie malarstwo abstrakcyjne, w\u00a0kt\u00f3rym zawieram wiele emocji, podtekst\u00f3w i\u00a0znacze\u0144. Kontestuj\u0119 powszechnie przyj\u0119te zasady estetyki, wykorzystuj\u0119 elementy z\u0142omu, drutu, [&hellip;]<\/p>","protected":false},"author":1,"featured_media":1642,"parent":0,"menu_order":0,"comment_status":"closed","ping_status":"closed","template":"templates\/info-page.php","meta":{"footnotes":""},"jetpack_sharing_enabled":false,"_links":{"self":[{"href":"https:\/\/micherda-jarodzka.art\/en\/wp-json\/wp\/v2\/pages\/913"}],"collection":[{"href":"https:\/\/micherda-jarodzka.art\/en\/wp-json\/wp\/v2\/pages"}],"about":[{"href":"https:\/\/micherda-jarodzka.art\/en\/wp-json\/wp\/v2\/types\/page"}],"author":[{"embeddable":true,"href":"https:\/\/micherda-jarodzka.art\/en\/wp-json\/wp\/v2\/users\/1"}],"replies":[{"embeddable":true,"href":"https:\/\/micherda-jarodzka.art\/en\/wp-json\/wp\/v2\/comments?post=913"}],"version-history":[{"count":25,"href":"https:\/\/micherda-jarodzka.art\/en\/wp-json\/wp\/v2\/pages\/913\/revisions"}],"predecessor-version":[{"id":1649,"href":"https:\/\/micherda-jarodzka.art\/en\/wp-json\/wp\/v2\/pages\/913\/revisions\/1649"}],"wp:featuredmedia":[{"embeddable":true,"href":"https:\/\/micherda-jarodzka.art\/en\/wp-json\/wp\/v2\/media\/1642"}],"wp:attachment":[{"href":"https:\/\/micherda-jarodzka.art\/en\/wp-json\/wp\/v2\/media?parent=913"}],"curies":[{"name":"wp","href":"https:\/\/api.w.org\/{rel}","templated":true}]}}